{"id":2663,"date":"2019-04-12T09:04:40","date_gmt":"2019-04-12T09:04:40","guid":{"rendered":"https:\/\/barsol.tequilapistole.de\/?page_id=2663"},"modified":"2020-11-03T12:22:02","modified_gmt":"2020-11-03T12:22:02","slug":"pisco-sour-week","status":"publish","type":"page","link":"https:\/\/barsolpisco.eu\/en\/pisco-sour-week\/","title":{"rendered":"Pisco Sour Week"},"content":{"rendered":"<!-- CWS Row --><div  class=\"cws-content\" style=\"background-repeat:repeat;background-size:initial;background-attachment:scroll;background-position:0% 0%;\"><div class=\"cws_extra_wrapper\"><div class=\"vc_row wpb_row vc_row-fluid\"><div class=\"wpb_column vc_column_container vc_col-sm-12 cws-column\"><div class=\"cws_vc_column-inner\"><div class=\"wpb_column vc_column_container vc_col-sm-12\"><div class=\"vc_column-inner\"><div class=\"wpb_wrapper\"><div class='cws_textmodule cws_vc_shortcode_module' id='cws_textmodule_69f34729452d1'><div class='cws_textmodule_wrapper'><div class='cws_textmodule_text text_align_left'><div class='cws_textmodule_titles'><\/div><div class='cws_textmodule_content'><div class='text_content_wrapper'><h2>Die Pisco Sour Week: peruanische Drinks f\u00fcr einen guten Zweck!<\/h2>\n<p>Die Pisco Sour Week ist eine Spendenaktion, die einmal im Jahr stattfindet und von der Perola GmbH anl\u00e4sslich des &#8218;Dia del pisco&#8216; am Anfang Februar ins Leben gerufen wurde. Hierbei werden Bars deutschlandweit angeregt, den peruanischen Nationalcocktail Pisco Sour eine Woche lang in den Fokus zu r\u00fccken. Doch es geht nicht nur um gute Drinks: Perola unterst\u00fctzt mit kooperierenden Bars gemeinn\u00fctzige Projekte &#8211; besonders in Sachen Klima.<\/p>\n<h2>Der Pisco Sour in Peru und Deutschland<\/h2>\n<p><img loading=\"lazy\" decoding=\"async\" class=\"wp-image-2250 alignright\" src=\"https:\/\/barsol.tequilapistole.de\/wp-content\/uploads\/2019\/03\/Pisco-Sour-300x300.png\" alt=\"\" width=\"374\" height=\"374\" \/>Der Traubenbrand Pisco ist ein wesentlicher Teil der peruanischen Kultur. Um den vom Bartender Victor Morris ca. 1916 in Peru erfundenen Cocktailklassiker Pisco Sour zu w\u00fcrdigen, f\u00fchrte Peru im Jahr 2004 den \u201aDia del Pisco Sour\u2018 (Tag des Pisco Sour) ein. Dieser findet seitdem j\u00e4hrlich am ersten Samstag des Februar statt \u2013 dieses Jahr also am 1. Februar 2020 \u2013 und dient als willkommener Anlass, mit einem erfrischenden Pisco Sour das Leben zu genie\u00dfen.<\/p>\n<p>In Deutschland wird der Pisco Sour zwar unter Cocktailliebhabern und S\u00fcdamerika-Reisenden auch gerne getrunken, doch die \u00fcbergreifende Bekanntheit des Drinks ist noch ausbauf\u00e4hig. Um diese Entwicklung zu beg\u00fcnstigen, f\u00fchrt die Perola GmbH als Importeur von BARSOL Pisco die \u201aPisco Sour Week\u2018 ein. Eine Woche lang werden Bars dazu angeregt, den Pisco Sour zum Drink der Woche zu machen und entsprechend zu bewerben.<\/p>\n<p><a href=\"\/en\/pisco-sour-week-2019\/\">Ergebnisse der Pisco Sour Week 2019<\/a><\/p>\n<p><a href=\"https:\/\/barsolpisco.eu\/en\/pisco-sour-week-2020\/\">Ergebnisse der Pisco Sour Week 2020<\/a><\/p>\n<\/div><\/div><\/div><\/div><\/div><\/div><\/div><\/div><!-- CWS Column --> <\/div><\/div><\/div><\/div><\/div><!-- CWS Row --><div  class=\"cws-content\" style=\"background-repeat:repeat;background-size:initial;background-attachment:scroll;background-position:0% 0%;\"><div class=\"cws_extra_wrapper\"><div class=\"vc_row wpb_row vc_row-fluid\"><div class=\"wpb_column vc_column_container vc_col-sm-12 cws-column\"><div class=\"cws_vc_column-inner\"><div class=\"wpb_column vc_column_container vc_col-sm-12\"><div class=\"vc_column-inner\"><div class=\"wpb_wrapper\"><div class=\"cws_spacing\"><div class=\"cws_spacing cws_spacing_default\" style=\"height:32px;\"><\/div><\/div><\/div><\/div><\/div><!-- CWS Column --> <\/div><\/div><\/div><\/div><\/div><!-- CWS Row --><div  class=\"cws-content\" style=\"background-repeat:repeat;background-size:initial;background-attachment:scroll;background-position:0% 0%;\"><div class=\"cws_extra_wrapper\"><div class=\"vc_row wpb_row vc_row-fluid\"><div class=\"wpb_column vc_column_container vc_col-sm-12 cws-column\"><div class=\"cws_vc_column-inner\"><div class=\"wpb_column vc_column_container vc_col-sm-12\"><div class=\"vc_column-inner\"><div class=\"wpb_wrapper\">\n\t<div  class=\"wpb_single_image wpb_content_element vc_align_center\">\n\t\t\n\t\t<figure class=\"wpb_wrapper vc_figure\">\n\t\t\t<div class=\"vc_single_image-wrapper   vc_box_border_grey\"><img loading=\"lazy\" decoding=\"async\" width=\"1024\" height=\"768\" src=\"https:\/\/barsolpisco.eu\/wp-content\/uploads\/2019\/04\/pisco-sour-week-peru-1024x768.jpg\" class=\"vc_single_image-img attachment-large\" alt=\"\" srcset=\"https:\/\/barsolpisco.eu\/wp-content\/uploads\/2019\/04\/pisco-sour-week-peru-1024x768.jpg 1024w, https:\/\/barsolpisco.eu\/wp-content\/uploads\/2019\/04\/pisco-sour-week-peru-300x225.jpg 300w, https:\/\/barsolpisco.eu\/wp-content\/uploads\/2019\/04\/pisco-sour-week-peru-768x576.jpg 768w, https:\/\/barsolpisco.eu\/wp-content\/uploads\/2019\/04\/pisco-sour-week-peru.jpg 1980w\" sizes=\"auto, (max-width: 1024px) 100vw, 1024px\" \/><\/div>\n\t\t<\/figure>\n\t<\/div>\n<\/div><\/div><\/div><!-- CWS Column --> <\/div><\/div><\/div><\/div><\/div>","protected":false},"excerpt":{"rendered":"Die Pisco Sour Week: peruanische Drinks f\u00fcr einen guten Zweck! Die Pisco Sour Week ist eine Spendenaktion, die einmal im Jahr stattfindet und von der Perola GmbH anl\u00e4sslich des &#8218;Dia del pisco&#8216; am Anfang Februar ins Leben gerufen wurde. Hierbei werden Bars deutschlandweit angeregt, den peruanischen Nationalcocktail Pisco Sour eine Woche lang in den Fokus zu r\u00fccken. Doch es geht nicht nur um gute Drinks: Perola unterst\u00fctzt mit kooperierenden Bars gemeinn\u00fctzige Projekte &#8211; besonders in Sachen Klima. Der Pisco Sour in Peru und Deutschland Der Traubenbrand Pisco ist ein wesentlicher Teil der peruanischen Kultur. Um den vom Bartender Victor Morris ca. 1916 in Peru erfundenen Cocktailklassiker Pisco Sour zu w\u00fcrdigen, f\u00fchrte Peru im Jahr 2004 den \u201aDia del Pisco Sour\u2018 (Tag des Pisco Sour) ein. Dieser findet seitdem j\u00e4hrlich am ersten Samstag des Februar statt \u2013 dieses Jahr also am 1. Februar 2020 \u2013 und dient als willkommener Anlass, mit einem erfrischenden Pisco Sour das Leben zu genie\u00dfen. In Deutschland wird der Pisco Sour zwar unter Cocktailliebhabern und S\u00fcdamerika-Reisenden auch gerne getrunken, doch die \u00fcbergreifende Bekanntheit des Drinks ist noch ausbauf\u00e4hig. Um diese Entwicklung zu beg\u00fcnstigen, f\u00fchrt die Perola GmbH als Importeur von BARSOL Pisco die \u201aPisco Sour Week\u2018 ein. Eine Woche lang werden Bars dazu angeregt, den Pisco Sour zum Drink der Woche zu machen und entsprechend zu bewerben. Ergebnisse der Pisco Sour Week 2019 Ergebnisse der Pisco Sour Week 2020","protected":false},"author":1,"featured_media":0,"parent":0,"menu_order":0,"comment_status":"closed","ping_status":"closed","template":"","meta":{"_monsterinsights_skip_tracking":false,"_monsterinsights_sitenote_active":false,"_monsterinsights_sitenote_note":"","_monsterinsights_sitenote_category":0,"footnotes":""},"class_list":["post-2663","page","type-page","status-publish","hentry"],"_links":{"self":[{"href":"https:\/\/barsolpisco.eu\/en\/wp-json\/wp\/v2\/pages\/2663","targetHints":{"allow":["GET"]}}],"collection":[{"href":"https:\/\/barsolpisco.eu\/en\/wp-json\/wp\/v2\/pages"}],"about":[{"href":"https:\/\/barsolpisco.eu\/en\/wp-json\/wp\/v2\/types\/page"}],"author":[{"embeddable":true,"href":"https:\/\/barsolpisco.eu\/en\/wp-json\/wp\/v2\/users\/1"}],"replies":[{"embeddable":true,"href":"https:\/\/barsolpisco.eu\/en\/wp-json\/wp\/v2\/comments?post=2663"}],"version-history":[{"count":15,"href":"https:\/\/barsolpisco.eu\/en\/wp-json\/wp\/v2\/pages\/2663\/revisions"}],"predecessor-version":[{"id":3646,"href":"https:\/\/barsolpisco.eu\/en\/wp-json\/wp\/v2\/pages\/2663\/revisions\/3646"}],"wp:attachment":[{"href":"https:\/\/barsolpisco.eu\/en\/wp-json\/wp\/v2\/media?parent=2663"}],"curies":[{"name":"wp","href":"https:\/\/api.w.org\/{rel}","templated":true}]}}